{"id":7,"date":"2022-08-01T11:13:18","date_gmt":"2022-08-01T14:13:18","guid":{"rendered":"https:\/\/ibsfire.com.br\/site\/?page_id=7"},"modified":"2022-08-29T14:24:31","modified_gmt":"2022-08-29T17:24:31","slug":"o-novo-umoma-abre-suas-portas-2","status":"publish","type":"page","link":"https:\/\/ibsfire.com.br\/site\/","title":{"rendered":"Solu\u00e7\u00f5es e Projetos Contra Inc\u00eandio &#038; P\u00e2nico"},"content":{"rendered":"\n<div class=\"wp-container-1 wp-block-group alignwide\"><div class=\"wp-block-group__inner-container\">\n<h4 class=\"has-text-align-center\"><em>Trabalhamos sempre com transpar\u00eancia, investindo na excel\u00eancia do servi\u00e7o para exceder as expectativas dos clientes.\u00a0<\/em><\/h4>\n<\/div><\/div>\n\n\n\n<div class=\"wp-container-2 wp-block-group alignwide\"><div class=\"wp-block-group__inner-container\">\n<h2 class=\"has-text-align-center has-accent-color has-text-color\">&#8220;Melhores pre\u00e7os do mercado&#8221;.<\/h2>\n<\/div><\/div>\n\n\n\n<p class=\"has-drop-cap\">Confiabilidade, compet\u00eancia e qualidade ao oferecer servi\u00e7os como: legaliza\u00e7\u00f5es junto ao CBMERJ, confec\u00e7\u00e3o de projetos, instala\u00e7\u00e3o, manuten\u00e7\u00e3o e fornecimento de materiais contra inc\u00eandio e p\u00e2nico, sempre buscando satisfazer as necessidades de cada cliente e firmando sua posi\u00e7\u00e3o no mercado como uma empresa orgulhosa por se comprometer com a seguran\u00e7a, apresentando solu\u00e7\u00f5es modernas e vi\u00e1veis.<\/p>\n\n\n\n<figure class=\"wp-block-pullquote\"><blockquote><p>Temos mangueiras de inc\u00eandio, extintores, acess\u00f3rios, centrais de alarme, sinaliza\u00e7\u00e3o fotoluminescente, ilumina\u00e7\u00e3o de emerg\u00eancia, equipamentos hidr\u00e1ulicos e el\u00e9tricos, e o credenciamentos necess\u00e1rios para execu\u00e7\u00e3o de qualquer servi\u00e7o relacionado a Prote\u00e7\u00e3o Contra Inc\u00eandio e P\u00e2nico.<\/p><\/blockquote><\/figure>\n\n\n\n<p><\/p>\n\n\n\n<figure class=\"wp-container-4 wp-block-gallery-3 wp-block-gallery alignwide has-nested-images columns-default is-cropped\">\n<figure class=\"wp-block-image size-large\"><img loading=\"lazy\" width=\"1013\" height=\"420\" data-id=\"64\"  src=\"https:\/\/ibsfire.com.br\/site\/wp-content\/uploads\/2022\/08\/72074758_2468423363254659_6588122314691313664_n-edited.jpg\" alt=\"\" class=\"wp-image-64\" srcset=\"https:\/\/ibsfire.com.br\/site\/wp-content\/uploads\/2022\/08\/72074758_2468423363254659_6588122314691313664_n-edited.jpg 1013w, https:\/\/ibsfire.com.br\/site\/wp-content\/uploads\/2022\/08\/72074758_2468423363254659_6588122314691313664_n-edited-300x124.jpg 300w, https:\/\/ibsfire.com.br\/site\/wp-content\/uploads\/2022\/08\/72074758_2468423363254659_6588122314691313664_n-edited-768x318.jpg 768w\" sizes=\"(max-width: 1013px) 100vw, 1013px\" \/><\/figure>\n<\/figure>\n\n\n<div><style id=\"wp_carousel_dynamic_css124\">.sp-wp-carousel-free-id-124.wpcf-fancybox-wrapper .fancybox-bg{background: #0b0b0b;opacity: 0.8;}.sp-wp-carousel-free-id-124.wpcf-fancybox-wrapper .fancybox-navigation .fancybox-button .wpcp-fancybox-nav-arrow i {color: #ccc;}.sp-wp-carousel-free-id-124.wpcf-fancybox-wrapper .fancybox-navigation .fancybox-button .wpcp-fancybox-nav-arrow i:hover {color: #fff;}.sp-wp-carousel-free-id-124.wpcf-fancybox-wrapper .fancybox-navigation .fancybox-button {background: #1e1e1e;}.sp-wp-carousel-free-id-124.wpcf-fancybox-wrapper .fancybox-navigation .fancybox-button:hover {background: #1e1e1e;}#sp-wp-carousel-free-id-124 .wpcp-swiper-dots {margin: 40px 0px 0px 0px;}.wpcp-wrapper-124 .swiper-wrapper .swiper-slide-kenburn, .wpcp-wrapper-124 .swiper-wrapper, .wpcp-wrapper-124 .wpcpro-row{align-items: center;}#sp-wp-carousel-free-id-124 .wpcp-single-item {box-shadow: 0px 0px 0px 0px #dddddd;transition: all .3s;margin: 0px;}#sp-wp-carousel-free-id-124.swiper-flip .wpcp-single-item{margin: 0!important;}#sp-wp-carousel-free-id-124 .wpcp-single-item:hover {box-shadow: 0px 0px 0px 0px #dddddd;}#sp-wp-carousel-free-id-124.sp-wpcp-124 .wpcp-single-item {border: 1px solid #dddddd;}#sp-wp-carousel-free-id-124.sp-wpcp-124 .swiper-button-prev,#sp-wp-carousel-free-id-124.sp-wpcp-124 .swiper-button-next,#sp-wp-carousel-free-id-124.sp-wpcp-124 .swiper-button-prev:hover,#sp-wp-carousel-free-id-124.sp-wpcp-124 .swiper-button-next:hover {background: none;border: none;font-size: 30px;}#sp-wp-carousel-free-id-124.sp-wpcp-124 .swiper-button-prev i,#sp-wp-carousel-free-id-124.sp-wpcp-124 .swiper-button-next i {color: #aaa;}#sp-wp-carousel-free-id-124.sp-wpcp-124 .swiper-button-prev i:hover,#sp-wp-carousel-free-id-124.sp-wpcp-124 .swiper-button-next i:hover {color: #178087;}#sp-wp-carousel-free-id-124.sp-wpcp-124 .wpcp-swiper-dots .swiper-pagination-bullet {background-color: #cccccc;}#sp-wp-carousel-free-id-124.sp-wpcp-124 .wpcp-swiper-dots .swiper-pagination-bullet.swiper-pagination-bullet-active {background-color: #178087;} #sp-wp-carousel-free-id-124.sp-wpcp-124.wpcp-image-carousel .wpcp-single-item:hover img, #sp-wp-carousel-free-id-124.sp-wpcp-124.wpcp-post-carousel .wpcp-single-item:hover img, #sp-wp-carousel-free-id-124.sp-wpcp-124.wpcp-product-carousel .wpcp-single-item:hover img{-webkit-transform: scale(1.2);-moz-transform: scale(1.2);transform: scale(1.2);}@media screen and (max-width: 479px) {#sp-wp-carousel-free-id-124.nav-vertical-center {padding: 0;margin:0;}#sp-wp-carousel-free-id-124.nav-vertical-center .wpcp-next-button,#sp-wp-carousel-free-id-124.nav-vertical-center .wpcp-prev-button {display: none;}}#sp-wp-carousel-free-id-124 .wpcpro-row>[class*=\"wpcpro-col-\"] { padding: 0 10px; padding-bottom: 20px;} #sp-wp-carousel-free-id-124 .swiper-slide .single-item-fade:not(:last-child) { margin-right: 20px;}@media (min-width: 480px) { .wpcpro-row .wpcpro-col-sm-1 { flex: 0 0 100%; max-width: 100%; } .wpcpro-row .wpcpro-col-sm-2 { flex: 0 0 50%; max-width: 50%; } .wpcpro-row .wpcpro-col-sm-2-5 { flex: 0 0 75%; max-width: 75%; } .wpcpro-row .wpcpro-col-sm-3 { flex: 0 0 33.333%; max-width: 33.333%; } .wpcpro-row .wpcpro-col-sm-4 { flex: 0 0 25%; max-width: 25%; } .wpcpro-row .wpcpro-col-sm-5 { flex: 0 0 20%; max-width: 20%; } .wpcpro-row .wpcpro-col-sm-6 { flex: 0 0 16.66666666666667%; max-width: 16.66666666666667%; } .wpcpro-row .wpcpro-col-sm-7 { flex: 0 0 14.28571428%; max-width: 14.28571428%; } .wpcpro-row .wpcpro-col-sm-8 { flex: 0 0 12.5%; max-width: 12.5%; } } @media (max-width: 480px) { .wpcpro-row .wpcpro-col-xs-1 { flex: 0 0 100%; max-width: 100%; } .wpcpro-row .wpcpro-col-xs-2 { flex: 0 0 50%; max-width: 50%; } .wpcpro-row .wpcpro-col-xs-3 { flex: 0 0 33.222%; max-width: 33.222%; } .wpcpro-row .wpcpro-col-xs-4 { flex: 0 0 25%; max-width: 25%; } .wpcpro-row .wpcpro-col-xs-5 { flex: 0 0 20%; max-width: 20%; } .wpcpro-row .wpcpro-col-xs-6 { flex: 0 0 16.6667%; max-width: 16.6667%; } .wpcpro-row .wpcpro-col-xs-7 { flex: 0 0 14.28571428%; max-width: 14.28571428%; } .wpcpro-row .wpcpro-col-xs-8 { flex: 0 0 12.5%; max-width: 12.5%; } } @media (min-width: 736px) { .wpcpro-row .wpcpro-col-md-1 { flex: 0 0 100%; max-width: 100%; } .wpcpro-row .wpcpro-col-md-2 { flex: 0 0 50%; max-width: 50%; } .wpcpro-row .wpcpro-col-md-2-5 { flex: 0 0 75%; max-width: 75%; } .wpcpro-row .wpcpro-col-md-3 { flex: 0 0 33.333%; max-width: 33.333%; } .wpcpro-row .wpcpro-col-md-4 { flex: 0 0 25%; max-width: 25%; } .wpcpro-row .wpcpro-col-md-5 { flex: 0 0 20%; max-width: 20%; } .wpcpro-row .wpcpro-col-md-6 { flex: 0 0 16.66666666666667%; max-width: 16.66666666666667%; } .wpcpro-row .wpcpro-col-md-7 { flex: 0 0 14.28571428%; max-width: 14.28571428%; } .wpcpro-row .wpcpro-col-md-8 { flex: 0 0 12.5%; max-width: 12.5%; } } @media (min-width: 980px) { .wpcpro-row .wpcpro-col-lg-1 { flex: 0 0 100%; max-width: 100%; } .wpcpro-row .wpcpro-col-lg-2 { flex: 0 0 50%; max-width: 50%; } .wpcpro-row .wpcpro-col-lg-3 { flex: 0 0 33.222%; max-width: 33.222%; } .wpcpro-row .wpcpro-col-lg-4 { flex: 0 0 25%; max-width: 25%; } .wpcpro-row .wpcpro-col-lg-5 { flex: 0 0 20%; max-width: 20%; } .wpcpro-row .wpcpro-col-lg-6 { flex: 0 0 16.6667%; max-width: 16.6667%; } .wpcpro-row .wpcpro-col-lg-7 { flex: 0 0 14.28571428%; max-width: 14.28571428%; } .wpcpro-row .wpcpro-col-lg-8 { flex: 0 0 12.5%; max-width: 12.5%; } } @media (min-width: 1200px) { .wpcpro-row .wpcpro-col-xl-1 { flex: 0 0 100%; max-width: 100%; } .wpcpro-row .wpcpro-col-xl-2 { flex: 0 0 50%; max-width: 50%; } .wpcpro-row .wpcpro-col-xl-3 { flex: 0 0 33.22222222%; max-width: 33.22222222%; } .wpcpro-row .wpcpro-col-xl-4 { flex: 0 0 25%; max-width: 25%; } .wpcpro-row .wpcpro-col-xl-5 { flex: 0 0 20%; max-width: 20%; } .wpcpro-row .wpcpro-col-xl-6 { flex: 0 0 16.66667%; max-width: 16.66667%; } .wpcpro-row .wpcpro-col-xl-7 { flex: 0 0 14.28571428%; max-width: 14.28571428%; } .wpcpro-row .wpcpro-col-xl-8 { flex: 0 0 12.5%; max-width: 12.5%; } }<\/style><div class=\"wpcp-carousel-wrapper wpcp-wrapper-124\">\n\t<div id=\"wpcp-preloader-124\" class=\"wpcp-carousel-preloader\"><img src=\"https:\/\/ibsfire.com.br\/site\/wp-content\/plugins\/wp-carousel-free\/public\/css\/spinner.svg\" alt=\"Preloader Image\" \/><\/div>\t<div class=\"wpcp-carousel-content-wrapper\">\n\t<div id=\"sp-wp-carousel-free-id-124\" class=\"wpcp-carousel-section sp-wpcp-124  nav-vertical-center wpcp-image-carousel wpcp-preloader wpcp-standard\" data-swiper='{ &quot;pagination_type&quot;: &quot;dots&quot;,&quot;accessibility&quot;:true, &quot;spaceBetween&quot;:20, &quot;arrows&quot;:true, &quot;freeMode&quot;: false, &quot;autoplay&quot;:true, &quot;effect&quot;: &quot;slide&quot;, &quot;centerMode&quot;: false, &quot;autoplaySpeed&quot;:3000, &quot;dots&quot;:true, &quot;infinite&quot;:true, &quot;speed&quot;:600, &quot;pauseOnHover&quot;:true,\n\t\t\t&quot;slidesToShow&quot;:{&quot;lg_desktop&quot;:5, &quot;desktop&quot;: 4, &quot;laptop&quot;: 3, &quot;tablet&quot;: 2, &quot;mobile&quot;: 1}, &quot;responsive&quot;:{&quot;desktop&quot;:1200, &quot;laptop&quot;: 980, &quot;tablet&quot;: 736, &quot;mobile&quot;: 480}, &quot;rtl&quot;:false, &quot;lazyLoad&quot;: &quot;false&quot;, &quot;swipe&quot;: true, &quot;draggable&quot;: true, &quot;swipeToSlide&quot;:false }' dir=\"ltr\">\n\t\t<div class=\"swiper-wrapper\">\n\t\t<div class=\"swiper-slide\">\n\t<div class=\"wpcp-single-item\">\n\t\t\t<div class=\"wpcp-slide-image\">\n\t\t<img loading=\"lazy\" class=\"skip-lazy\" src=\"https:\/\/ibsfire.com.br\/site\/wp-content\/uploads\/2022\/08\/LOGO-BOTAFOGO-1.png\" alt=\"LOGO-BOTAFOGO-1\" width=\"1000\" height=\"1000\">\t<\/div>\n\t\t<\/div>\n<\/div>\n\t<div class=\"swiper-slide\">\n\t<div class=\"wpcp-single-item\">\n\t\t\t<div class=\"wpcp-slide-image\">\n\t\t<img loading=\"lazy\" class=\"skip-lazy\" src=\"https:\/\/ibsfire.com.br\/site\/wp-content\/uploads\/2022\/08\/LOGO-UNIMED-1.png\" alt=\"LOGO-UNIMED-1\" width=\"164\" height=\"59\">\t<\/div>\n\t\t<\/div>\n<\/div>\n\t<div class=\"swiper-slide\">\n\t<div class=\"wpcp-single-item\">\n\t\t\t<div class=\"wpcp-slide-image\">\n\t\t<img loading=\"lazy\" class=\"skip-lazy\" src=\"https:\/\/ibsfire.com.br\/site\/wp-content\/uploads\/2022\/08\/LOGO-GRAND-MARCHE-1.png\" alt=\"LOGO-GRAND-MARCHE-1\" width=\"524\" height=\"274\">\t<\/div>\n\t\t<\/div>\n<\/div>\n\t<div class=\"swiper-slide\">\n\t<div class=\"wpcp-single-item\">\n\t\t\t<div class=\"wpcp-slide-image\">\n\t\t<img loading=\"lazy\" class=\"skip-lazy\" src=\"https:\/\/ibsfire.com.br\/site\/wp-content\/uploads\/2022\/08\/LOGO-CAMIL-1.png\" alt=\"LOGO-CAMIL-1\" width=\"720\" height=\"419\">\t<\/div>\n\t\t<\/div>\n<\/div>\n\t<div class=\"swiper-slide\">\n\t<div class=\"wpcp-single-item\">\n\t\t\t<div class=\"wpcp-slide-image\">\n\t\t<img loading=\"lazy\" class=\"skip-lazy\" src=\"https:\/\/ibsfire.com.br\/site\/wp-content\/uploads\/2022\/08\/logo-engebio-240x75-1.png\" alt=\"logo-engebio-240x75\" width=\"240\" height=\"75\">\t<\/div>\n\t\t<\/div>\n<\/div>\n\t<div class=\"swiper-slide\">\n\t<div class=\"wpcp-single-item\">\n\t\t\t<div class=\"wpcp-slide-image\">\n\t\t<img loading=\"lazy\" class=\"skip-lazy\" src=\"https:\/\/ibsfire.com.br\/site\/wp-content\/uploads\/2022\/08\/logo-brasipack-240x88-1.png\" alt=\"logo-brasipack-240x88\" width=\"240\" height=\"88\">\t<\/div>\n\t\t<\/div>\n<\/div>\n\t<div class=\"swiper-slide\">\n\t<div class=\"wpcp-single-item\">\n\t\t\t<div class=\"wpcp-slide-image\">\n\t\t<img loading=\"lazy\" class=\"skip-lazy\" src=\"https:\/\/ibsfire.com.br\/site\/wp-content\/uploads\/2022\/08\/LOGO-GIRASSOL.webp\" alt=\"LOGO GIRASSOL\" width=\"145\" height=\"106\">\t<\/div>\n\t\t<\/div>\n<\/div>\n\t<div class=\"swiper-slide\">\n\t<div class=\"wpcp-single-item\">\n\t\t\t<div class=\"wpcp-slide-image\">\n\t\t<img loading=\"lazy\" class=\"skip-lazy\" src=\"https:\/\/ibsfire.com.br\/site\/wp-content\/uploads\/2022\/08\/logo-honda-640x430-1.png\" alt=\"logo-honda-640x430\" width=\"640\" height=\"430\">\t<\/div>\n\t\t<\/div>\n<\/div>\n\t\t\t<\/div>\n\t\t\t\t\t<div class=\"wpcp-swiper-dots swiper-pagination\"><\/div>\n\t\t\t\t<!-- If we need navigation buttons -->\n\t\t\t\t\t<div class=\"wpcp-prev-button swiper-button-prev\"><i class=\"fa fa-angle-left\"><\/i><\/div>\n\t\t\t<div class=\"wpcp-next-button swiper-button-next\"><i class=\"fa fa-angle-right\"><\/i><\/div>\n\t\t\t<\/div>\n\t<\/div>\n<\/div>\n<\/div>","protected":false},"excerpt":{"rendered":"<p>Trabalhamos sempre com transpar\u00eancia, investindo na excel\u00eancia do servi\u00e7o para exceder as expectativas dos clientes.\u00a0 &#8220;Melhores pre\u00e7os do mercado&#8221;. Confiabilidade, compet\u00eancia e qualidade ao oferecer servi\u00e7os como: legaliza\u00e7\u00f5es junto ao CBMERJ, confec\u00e7\u00e3o de projetos, instala\u00e7\u00e3o, manuten\u00e7\u00e3o e fornecimento de materiais contra inc\u00eandio e p\u00e2nico, sempre buscando satisfazer as necessidades de cada cliente e firmando sua [&hellip;]<\/p>\n","protected":false},"author":1,"featured_media":61,"parent":0,"menu_order":0,"comment_status":"closed","ping_status":"closed","template":"templates\/template-full-width.php","meta":{"inline_featured_image":false},"_links":{"self":[{"href":"https:\/\/ibsfire.com.br\/site\/index.php?rest_route=\/wp\/v2\/pages\/7"}],"collection":[{"href":"https:\/\/ibsfire.com.br\/site\/index.php?rest_route=\/wp\/v2\/pages"}],"about":[{"href":"https:\/\/ibsfire.com.br\/site\/index.php?rest_route=\/wp\/v2\/types\/page"}],"author":[{"embeddable":true,"href":"https:\/\/ibsfire.com.br\/site\/index.php?rest_route=\/wp\/v2\/users\/1"}],"replies":[{"embeddable":true,"href":"https:\/\/ibsfire.com.br\/site\/index.php?rest_route=%2Fwp%2Fv2%2Fcomments&post=7"}],"version-history":[{"count":15,"href":"https:\/\/ibsfire.com.br\/site\/index.php?rest_route=\/wp\/v2\/pages\/7\/revisions"}],"predecessor-version":[{"id":146,"href":"https:\/\/ibsfire.com.br\/site\/index.php?rest_route=\/wp\/v2\/pages\/7\/revisions\/146"}],"wp:featuredmedia":[{"embeddable":true,"href":"https:\/\/ibsfire.com.br\/site\/index.php?rest_route=\/wp\/v2\/media\/61"}],"wp:attachment":[{"href":"https:\/\/ibsfire.com.br\/site\/index.php?rest_route=%2Fwp%2Fv2%2Fmedia&parent=7"}],"curies":[{"name":"wp","href":"https:\/\/api.w.org\/{rel}","templated":true}]}}