{"id":8,"date":"2022-08-01T11:13:18","date_gmt":"2022-08-01T14:13:18","guid":{"rendered":"https:\/\/ibsfire.com.br\/site\/?page_id=8"},"modified":"2022-08-29T16:04:43","modified_gmt":"2022-08-29T19:04:43","slug":"sobre","status":"publish","type":"page","link":"https:\/\/ibsfire.com.br\/site\/?page_id=8","title":{"rendered":"A Empresa"},"content":{"rendered":"\n<figure class=\"wp-block-pullquote has-normal-font-size\"><blockquote><p>Identificar as melhores solu\u00e7\u00f5es e atender cada demanda de forma personalizada \u00e9 um diferencial da <em><strong>IBSFIRE.<\/strong><\/em><\/p><\/blockquote><\/figure>\n\n\n\n<div class=\"wp-container-1 is-nowrap wp-block-group alignwide\">\n<figure class=\"wp-block-image size-large is-resized\"><img loading=\"lazy\" src=\"https:\/\/ibsfire.com.br\/site\/wp-content\/uploads\/2022\/08\/Orientacoes-e-suporte-724x1024.png\" alt=\"\" class=\"wp-image-160\" width=\"317\" height=\"447\" srcset=\"https:\/\/ibsfire.com.br\/site\/wp-content\/uploads\/2022\/08\/Orientacoes-e-suporte-724x1024.png 724w, https:\/\/ibsfire.com.br\/site\/wp-content\/uploads\/2022\/08\/Orientacoes-e-suporte-212x300.png 212w, https:\/\/ibsfire.com.br\/site\/wp-content\/uploads\/2022\/08\/Orientacoes-e-suporte-768x1086.png 768w, https:\/\/ibsfire.com.br\/site\/wp-content\/uploads\/2022\/08\/Orientacoes-e-suporte-1086x1536.png 1086w, https:\/\/ibsfire.com.br\/site\/wp-content\/uploads\/2022\/08\/Orientacoes-e-suporte-1448x2048.png 1448w, https:\/\/ibsfire.com.br\/site\/wp-content\/uploads\/2022\/08\/Orientacoes-e-suporte.png 1587w\" sizes=\"(max-width: 317px) 100vw, 317px\" \/><\/figure>\n\n\n\n<figure class=\"wp-block-image size-large is-resized\"><img loading=\"lazy\" src=\"https:\/\/ibsfire.com.br\/site\/wp-content\/uploads\/2022\/08\/vendas-e-recargas-2-724x1024.png\" alt=\"\" class=\"wp-image-162\" width=\"317\" height=\"447\" srcset=\"https:\/\/ibsfire.com.br\/site\/wp-content\/uploads\/2022\/08\/vendas-e-recargas-2-724x1024.png 724w, https:\/\/ibsfire.com.br\/site\/wp-content\/uploads\/2022\/08\/vendas-e-recargas-2-212x300.png 212w, https:\/\/ibsfire.com.br\/site\/wp-content\/uploads\/2022\/08\/vendas-e-recargas-2-768x1086.png 768w, https:\/\/ibsfire.com.br\/site\/wp-content\/uploads\/2022\/08\/vendas-e-recargas-2-1086x1536.png 1086w, https:\/\/ibsfire.com.br\/site\/wp-content\/uploads\/2022\/08\/vendas-e-recargas-2-1448x2048.png 1448w, https:\/\/ibsfire.com.br\/site\/wp-content\/uploads\/2022\/08\/vendas-e-recargas-2.png 1587w\" sizes=\"(max-width: 317px) 100vw, 317px\" \/><\/figure>\n\n\n\n<figure class=\"wp-block-image size-large is-resized\"><img loading=\"lazy\" src=\"https:\/\/ibsfire.com.br\/site\/wp-content\/uploads\/2022\/08\/exames-periodicos-724x1024.png\" alt=\"\" class=\"wp-image-156\" width=\"317\" height=\"447\" srcset=\"https:\/\/ibsfire.com.br\/site\/wp-content\/uploads\/2022\/08\/exames-periodicos-724x1024.png 724w, https:\/\/ibsfire.com.br\/site\/wp-content\/uploads\/2022\/08\/exames-periodicos-212x300.png 212w, https:\/\/ibsfire.com.br\/site\/wp-content\/uploads\/2022\/08\/exames-periodicos-768x1086.png 768w, https:\/\/ibsfire.com.br\/site\/wp-content\/uploads\/2022\/08\/exames-periodicos-1086x1536.png 1086w, https:\/\/ibsfire.com.br\/site\/wp-content\/uploads\/2022\/08\/exames-periodicos-1448x2048.png 1448w, https:\/\/ibsfire.com.br\/site\/wp-content\/uploads\/2022\/08\/exames-periodicos.png 1587w\" sizes=\"(max-width: 317px) 100vw, 317px\" \/><\/figure>\n<\/div>\n","protected":false},"excerpt":{"rendered":"<p>Identificar as melhores solu\u00e7\u00f5es e atender cada demanda de forma personalizada \u00e9 um diferencial da IBSFIRE.<\/p>\n","protected":false},"author":1,"featured_media":0,"parent":0,"menu_order":0,"comment_status":"closed","ping_status":"closed","template":"","meta":{"inline_featured_image":false},"_links":{"self":[{"href":"https:\/\/ibsfire.com.br\/site\/index.php?rest_route=\/wp\/v2\/pages\/8"}],"collection":[{"href":"https:\/\/ibsfire.com.br\/site\/index.php?rest_route=\/wp\/v2\/pages"}],"about":[{"href":"https:\/\/ibsfire.com.br\/site\/index.php?rest_route=\/wp\/v2\/types\/page"}],"author":[{"embeddable":true,"href":"https:\/\/ibsfire.com.br\/site\/index.php?rest_route=\/wp\/v2\/users\/1"}],"replies":[{"embeddable":true,"href":"https:\/\/ibsfire.com.br\/site\/index.php?rest_route=%2Fwp%2Fv2%2Fcomments&post=8"}],"version-history":[{"count":14,"href":"https:\/\/ibsfire.com.br\/site\/index.php?rest_route=\/wp\/v2\/pages\/8\/revisions"}],"predecessor-version":[{"id":163,"href":"https:\/\/ibsfire.com.br\/site\/index.php?rest_route=\/wp\/v2\/pages\/8\/revisions\/163"}],"wp:attachment":[{"href":"https:\/\/ibsfire.com.br\/site\/index.php?rest_route=%2Fwp%2Fv2%2Fmedia&parent=8"}],"curies":[{"name":"wp","href":"https:\/\/api.w.org\/{rel}","templated":true}]}}